{"id":1843,"date":"2024-11-02T11:46:09","date_gmt":"2024-11-02T10:46:09","guid":{"rendered":"https:\/\/spanovum.nl\/home-nederlands\/"},"modified":"2024-11-02T11:46:09","modified_gmt":"2024-11-02T10:46:09","slug":"home-nederlands","status":"publish","type":"page","link":"https:\/\/spanovum.nl\/en\/home-nederlands\/","title":{"rendered":"Home &#8211; Nederlands"},"content":{"rendered":"","protected":false},"excerpt":{"rendered":"","protected":false},"author":1,"featured_media":0,"parent":0,"menu_order":0,"comment_status":"closed","ping_status":"closed","template":"","meta":{"footnotes":""},"class_list":["post-1843","page","type-page","status-publish","hentry"],"yoast_head":"<!-- This site is optimized with the Yoast SEO plugin v27.4 - https:\/\/yoast.com\/product\/yoast-seo-wordpress\/ -->\n<title>Home - Nederlands - Prive Spa Novum Privesauna Eindhoven\/helmond\/tilburg\/breda<\/title>\n<meta name=\"robots\" content=\"index, follow, max-snippet:-1, max-image-preview:large, max-video-preview:-1\" \/>\n<link rel=\"canonical\" href=\"https:\/\/spanovum.nl\/en\/home-nederlands\/\" \/>\n<meta property=\"og:locale\" content=\"en_GB\" \/>\n<meta property=\"og:type\" content=\"article\" \/>\n<meta property=\"og:title\" content=\"Home - Nederlands - Prive Spa Novum Privesauna Eindhoven\/helmond\/tilburg\/breda\" \/>\n<meta property=\"og:url\" content=\"https:\/\/spanovum.nl\/en\/home-nederlands\/\" \/>\n<meta property=\"og:site_name\" content=\"Prive Spa Novum Privesauna Eindhoven\/helmond\/tilburg\/breda\" \/>\n<meta name=\"twitter:card\" content=\"summary_large_image\" \/>\n<script type=\"application\/ld+json\" class=\"yoast-schema-graph\">{\"@context\":\"https:\\\/\\\/schema.org\",\"@graph\":[{\"@type\":\"WebPage\",\"@id\":\"https:\\\/\\\/spanovum.nl\\\/home-nederlands\\\/\",\"url\":\"https:\\\/\\\/spanovum.nl\\\/home-nederlands\\\/\",\"name\":\"Home - Nederlands - Prive Spa Novum Privesauna Eindhoven\\\/helmond\\\/tilburg\\\/breda\",\"isPartOf\":{\"@id\":\"https:\\\/\\\/spanovum.nl\\\/#website\"},\"datePublished\":\"2024-11-02T10:46:09+00:00\",\"breadcrumb\":{\"@id\":\"https:\\\/\\\/spanovum.nl\\\/home-nederlands\\\/#breadcrumb\"},\"inLanguage\":\"en-GB\",\"potentialAction\":[{\"@type\":\"ReadAction\",\"target\":[\"https:\\\/\\\/spanovum.nl\\\/home-nederlands\\\/\"]}]},{\"@type\":\"BreadcrumbList\",\"@id\":\"https:\\\/\\\/spanovum.nl\\\/home-nederlands\\\/#breadcrumb\",\"itemListElement\":[{\"@type\":\"ListItem\",\"position\":1,\"name\":\"Spa Novum priv\u00e9 sauna priv\u00e9 spa\",\"item\":\"https:\\\/\\\/spanovum.nl\\\/\"},{\"@type\":\"ListItem\",\"position\":2,\"name\":\"Home &#8211; Nederlands\"}]},{\"@type\":\"WebSite\",\"@id\":\"https:\\\/\\\/spanovum.nl\\\/#website\",\"url\":\"https:\\\/\\\/spanovum.nl\\\/\",\"name\":\"Spa Novum priv\u00e9 sauna priv\u00e9 spa\",\"description\":\"Priv\u00e9 Spa\\\/ prive Sauna Eindhoven\",\"publisher\":{\"@id\":\"https:\\\/\\\/spanovum.nl\\\/#organization\"},\"potentialAction\":[{\"@type\":\"SearchAction\",\"target\":{\"@type\":\"EntryPoint\",\"urlTemplate\":\"https:\\\/\\\/spanovum.nl\\\/?s={search_term_string}\"},\"query-input\":{\"@type\":\"PropertyValueSpecification\",\"valueRequired\":true,\"valueName\":\"search_term_string\"}}],\"inLanguage\":\"en-GB\"},{\"@type\":\"Organization\",\"@id\":\"https:\\\/\\\/spanovum.nl\\\/#organization\",\"name\":\"Spa Novum\",\"url\":\"https:\\\/\\\/spanovum.nl\\\/\",\"logo\":{\"@type\":\"ImageObject\",\"inLanguage\":\"en-GB\",\"@id\":\"https:\\\/\\\/spanovum.nl\\\/#\\\/schema\\\/logo\\\/image\\\/\",\"url\":\"https:\\\/\\\/spanovum.nl\\\/wp-content\\\/uploads\\\/2024\\\/02\\\/Eindhoven1-2.png\",\"contentUrl\":\"https:\\\/\\\/spanovum.nl\\\/wp-content\\\/uploads\\\/2024\\\/02\\\/Eindhoven1-2.png\",\"width\":1345,\"height\":821,\"caption\":\"Spa Novum\"},\"image\":{\"@id\":\"https:\\\/\\\/spanovum.nl\\\/#\\\/schema\\\/logo\\\/image\\\/\"}}]}<\/script>\n<!-- \/ Yoast SEO plugin. -->","yoast_head_json":{"title":"Home - Nederlands - Prive Spa Novum Privesauna Eindhoven\/helmond\/tilburg\/breda","robots":{"index":"index","follow":"follow","max-snippet":"max-snippet:-1","max-image-preview":"max-image-preview:large","max-video-preview":"max-video-preview:-1"},"canonical":"https:\/\/spanovum.nl\/en\/home-nederlands\/","og_locale":"en_GB","og_type":"article","og_title":"Home - Nederlands - Prive Spa Novum Privesauna Eindhoven\/helmond\/tilburg\/breda","og_url":"https:\/\/spanovum.nl\/en\/home-nederlands\/","og_site_name":"Prive Spa Novum Privesauna Eindhoven\/helmond\/tilburg\/breda","twitter_card":"summary_large_image","schema":{"@context":"https:\/\/schema.org","@graph":[{"@type":"WebPage","@id":"https:\/\/spanovum.nl\/home-nederlands\/","url":"https:\/\/spanovum.nl\/home-nederlands\/","name":"Home - Nederlands - Prive Spa Novum Privesauna Eindhoven\/helmond\/tilburg\/breda","isPartOf":{"@id":"https:\/\/spanovum.nl\/#website"},"datePublished":"2024-11-02T10:46:09+00:00","breadcrumb":{"@id":"https:\/\/spanovum.nl\/home-nederlands\/#breadcrumb"},"inLanguage":"en-GB","potentialAction":[{"@type":"ReadAction","target":["https:\/\/spanovum.nl\/home-nederlands\/"]}]},{"@type":"BreadcrumbList","@id":"https:\/\/spanovum.nl\/home-nederlands\/#breadcrumb","itemListElement":[{"@type":"ListItem","position":1,"name":"Spa Novum priv\u00e9 sauna priv\u00e9 spa","item":"https:\/\/spanovum.nl\/"},{"@type":"ListItem","position":2,"name":"Home &#8211; Nederlands"}]},{"@type":"WebSite","@id":"https:\/\/spanovum.nl\/#website","url":"https:\/\/spanovum.nl\/","name":"Spa Novum priv\u00e9 sauna priv\u00e9 spa","description":"Priv\u00e9 Spa\/ prive Sauna Eindhoven","publisher":{"@id":"https:\/\/spanovum.nl\/#organization"},"potentialAction":[{"@type":"SearchAction","target":{"@type":"EntryPoint","urlTemplate":"https:\/\/spanovum.nl\/?s={search_term_string}"},"query-input":{"@type":"PropertyValueSpecification","valueRequired":true,"valueName":"search_term_string"}}],"inLanguage":"en-GB"},{"@type":"Organization","@id":"https:\/\/spanovum.nl\/#organization","name":"Spa Novum","url":"https:\/\/spanovum.nl\/","logo":{"@type":"ImageObject","inLanguage":"en-GB","@id":"https:\/\/spanovum.nl\/#\/schema\/logo\/image\/","url":"https:\/\/spanovum.nl\/wp-content\/uploads\/2024\/02\/Eindhoven1-2.png","contentUrl":"https:\/\/spanovum.nl\/wp-content\/uploads\/2024\/02\/Eindhoven1-2.png","width":1345,"height":821,"caption":"Spa Novum"},"image":{"@id":"https:\/\/spanovum.nl\/#\/schema\/logo\/image\/"}}]}},"_links":{"self":[{"href":"https:\/\/spanovum.nl\/en\/wp-json\/wp\/v2\/pages\/1843","targetHints":{"allow":["GET"]}}],"collection":[{"href":"https:\/\/spanovum.nl\/en\/wp-json\/wp\/v2\/pages"}],"about":[{"href":"https:\/\/spanovum.nl\/en\/wp-json\/wp\/v2\/types\/page"}],"author":[{"embeddable":true,"href":"https:\/\/spanovum.nl\/en\/wp-json\/wp\/v2\/users\/1"}],"replies":[{"embeddable":true,"href":"https:\/\/spanovum.nl\/en\/wp-json\/wp\/v2\/comments?post=1843"}],"version-history":[{"count":0,"href":"https:\/\/spanovum.nl\/en\/wp-json\/wp\/v2\/pages\/1843\/revisions"}],"wp:attachment":[{"href":"https:\/\/spanovum.nl\/en\/wp-json\/wp\/v2\/media?parent=1843"}],"curies":[{"name":"wp","href":"https:\/\/api.w.org\/{rel}","templated":true}]}}