{"id":128,"date":"2024-02-20T15:39:25","date_gmt":"2024-02-20T15:39:25","guid":{"rendered":"https:\/\/spanovum.nl\/?page_id=128"},"modified":"2025-09-02T13:35:57","modified_gmt":"2025-09-02T11:35:57","slug":"algemene-voorwaarden","status":"publish","type":"page","link":"https:\/\/spanovum.nl\/en\/algemene-voorwaarden\/","title":{"rendered":"General terms and conditions"},"content":{"rendered":"<div data-elementor-type=\"wp-page\" data-elementor-id=\"128\" class=\"elementor elementor-128\" data-elementor-post-type=\"page\">\n\t\t\t\t<div class=\"elementor-element elementor-element-3242ac29 e-flex e-con-boxed e-con e-parent\" data-id=\"3242ac29\" data-element_type=\"container\" data-e-type=\"container\">\n\t\t\t\t\t<div class=\"e-con-inner\">\n\t\t\t\t<div class=\"elementor-element elementor-element-74a5b985 elementor-widget elementor-widget-text-editor\" data-id=\"74a5b985\" data-element_type=\"widget\" data-e-type=\"widget\" data-widget_type=\"text-editor.default\">\n\t\t\t\t<div class=\"elementor-widget-container\">\n\t\t\t\t\t\t\t\t\t<h1>ALGEMENE VOORWAARDEN Spa Novum<\/h1><section><p>Bij het maken van uw boeking gaat u automatisch akkoord met de algemene voorwaarden. Om onze gasten een ontspannen en weldadig bezoek te garanderen, verzoeken wij u onze huisregels zorgvuldig door te nemen voor aanvang van uw bezoek. Wij danken u alvast hartelijk voor uw medewerking!<\/p><h3>Reserveringen:<\/h3><p>Reserveringen dienen vooraf te worden gemaakt via ons boekingssysteem of telefonisch.<br \/>Bij het maken van een reservering gaat u akkoord met onze algemene voorwaarden.<br \/>Betaling:<\/p><p>Betaling geschiedt voorafgaand aan de behandeling of bij aankomst, tenzij anders overeengekomen.<br \/>Bij reserveringen van groepen of arrangementen kan een aanbetaling worden gevraagd.<br \/>Annulering en No show:<\/p><h3><strong>Annuleren of wijzigen reservering:<\/strong><\/h3><ul><li>Annulering van een reservering is mogelijk tot 48 uur voor aanvang van de afspraak (LET OP: omboekkosten van \u20ac15 worden in rekening gebracht). <span style=\"text-decoration: underline;\">Restitutie van betalingen is uitgesloten. Het betaalde bedrag minus de omboekkosten van \u20ac15 blijft gedurende 12 maanden na de oorspronkelijke boekingsdatum beschikbaar voor het maken van een nieuwe boeking.<\/span><\/li><li>Last minute boekingen kunnen niet gewijzigd of geannuleerd worden. Aanbetalingen worden niet terug gestort.<\/li><li>Bij annulering binnen 24 uur voor aanvang van de afspraak wordt 100% van het verschuldigde bedrag in rekening gebracht.<span style=\"text-decoration: underline;\"><br \/><\/span><\/li><li>Wijzigingen kunnen tot uiterlijk 48 uur van tevoren worden doorgegeven. (LET OP: omboekkosten van \u20ac15 worden in rekening gebracht).<\/li><\/ul><h3>Gift Card:<\/h3><p>De Gift Card is geldig voor een periode van 12 maanden vanaf de datum van aankoop en kan niet worden verlengd of vernieuwd na het verlopen van deze termijn.<br \/>Het resterende saldo van de Gift Card kan worden gebruikt voor een volgende boeking.<br \/>Restitutie van het saldo op de Gift Card is niet mogelijk.<br \/>Hygi\u00ebne en veiligheid:<\/p><p>U bent verplicht te douchen alvorens gebruik te maken van onze faciliteiten.<br \/>Het dragen van handdoeken in de sauna en slippers in verband met gladheid is verplicht.<br \/>Het toevoegen van producten aan het water is niet toegestaan.<br \/>Roken en het gebruik van verdovende middelen zijn niet toegestaan.<\/p><h3>Gedrag:<\/h3><p>Het verrichten van seksuele handelingen is niet toegestaan.<br \/>Dames en heren gemixt in groepsverband is niet toegestaan.<br \/>Huisdieren en kinderen:<\/p><p>Huisdieren zijn niet toegestaan.<br \/>Kinderen zijn toegestaan onder begeleiding van een of beide ouders. De verantwoordelijkheid ligt volledig bij de begeleiding.<br \/>Schade en overlast:<\/p><p>Bij schade door onzorgvuldig gebruik bent u aansprakelijk voor compensatie.<br \/>Spa Novum is niet aansprakelijk voor verlies of schade van uw eigendommen.<\/p><p>Door het betreden van onze faciliteiten gaat u akkoord met bovenstaande huisregels en algemene voorwaarden.<\/p><\/section><p><!-- \/wp:paragraph --><\/p>\t\t\t\t\t\t\t\t<\/div>\n\t\t\t\t<\/div>\n\t\t\t\t\t<\/div>\n\t\t\t\t<\/div>\n\t\t\t\t<\/div>","protected":false},"excerpt":{"rendered":"<p>ALGEMENE VOORWAARDEN Spa Novum Bij het maken van uw boeking gaat u automatisch akkoord met de algemene voorwaarden. Om onze gasten een ontspannen en weldadig bezoek te garanderen, verzoeken wij &hellip; <\/p>","protected":false},"author":1,"featured_media":0,"parent":0,"menu_order":0,"comment_status":"closed","ping_status":"closed","template":"","meta":{"footnotes":""},"class_list":["post-128","page","type-page","status-publish","hentry"],"yoast_head":"<!-- This site is optimized with the Yoast SEO plugin v27.6 - https:\/\/yoast.com\/product\/yoast-seo-wordpress\/ -->\n<title>Algemene voorwaarden - Prive Spa Novum Privesauna Eindhoven\/helmond\/tilburg\/breda<\/title>\n<meta name=\"robots\" content=\"index, follow, max-snippet:-1, max-image-preview:large, max-video-preview:-1\" \/>\n<link rel=\"canonical\" href=\"https:\/\/spanovum.nl\/en\/algemene-voorwaarden\/\" \/>\n<meta property=\"og:locale\" content=\"en_GB\" \/>\n<meta property=\"og:type\" content=\"article\" \/>\n<meta property=\"og:title\" content=\"Algemene voorwaarden - Prive Spa Novum Privesauna Eindhoven\/helmond\/tilburg\/breda\" \/>\n<meta property=\"og:description\" content=\"ALGEMENE VOORWAARDEN Spa Novum Bij het maken van uw boeking gaat u automatisch akkoord met de algemene voorwaarden. Om onze gasten een ontspannen en weldadig bezoek te garanderen, verzoeken wij &hellip;\" \/>\n<meta property=\"og:url\" content=\"https:\/\/spanovum.nl\/en\/algemene-voorwaarden\/\" \/>\n<meta property=\"og:site_name\" content=\"Prive Spa Novum Privesauna Eindhoven\/helmond\/tilburg\/breda\" \/>\n<meta property=\"article:modified_time\" content=\"2025-09-02T11:35:57+00:00\" \/>\n<meta name=\"twitter:card\" content=\"summary_large_image\" \/>\n<meta name=\"twitter:label1\" content=\"Estimated reading time\" \/>\n\t<meta name=\"twitter:data1\" content=\"2 minutes\" \/>\n<script type=\"application\/ld+json\" class=\"yoast-schema-graph\">{\"@context\":\"https:\\\/\\\/schema.org\",\"@graph\":[{\"@type\":\"WebPage\",\"@id\":\"https:\\\/\\\/spanovum.nl\\\/algemene-voorwaarden\\\/\",\"url\":\"https:\\\/\\\/spanovum.nl\\\/algemene-voorwaarden\\\/\",\"name\":\"Algemene voorwaarden - Prive Spa Novum Privesauna Eindhoven\\\/helmond\\\/tilburg\\\/breda\",\"isPartOf\":{\"@id\":\"https:\\\/\\\/spanovum.nl\\\/#website\"},\"datePublished\":\"2024-02-20T15:39:25+00:00\",\"dateModified\":\"2025-09-02T11:35:57+00:00\",\"breadcrumb\":{\"@id\":\"https:\\\/\\\/spanovum.nl\\\/algemene-voorwaarden\\\/#breadcrumb\"},\"inLanguage\":\"en-GB\",\"potentialAction\":[{\"@type\":\"ReadAction\",\"target\":[\"https:\\\/\\\/spanovum.nl\\\/algemene-voorwaarden\\\/\"]}]},{\"@type\":\"BreadcrumbList\",\"@id\":\"https:\\\/\\\/spanovum.nl\\\/algemene-voorwaarden\\\/#breadcrumb\",\"itemListElement\":[{\"@type\":\"ListItem\",\"position\":1,\"name\":\"Spa Novum priv\u00e9 sauna priv\u00e9 spa\",\"item\":\"https:\\\/\\\/spanovum.nl\\\/\"},{\"@type\":\"ListItem\",\"position\":2,\"name\":\"Algemene voorwaarden\"}]},{\"@type\":\"WebSite\",\"@id\":\"https:\\\/\\\/spanovum.nl\\\/#website\",\"url\":\"https:\\\/\\\/spanovum.nl\\\/\",\"name\":\"Spa Novum priv\u00e9 sauna priv\u00e9 spa\",\"description\":\"Priv\u00e9 Spa\\\/ prive Sauna Eindhoven\",\"publisher\":{\"@id\":\"https:\\\/\\\/spanovum.nl\\\/#organization\"},\"potentialAction\":[{\"@type\":\"SearchAction\",\"target\":{\"@type\":\"EntryPoint\",\"urlTemplate\":\"https:\\\/\\\/spanovum.nl\\\/?s={search_term_string}\"},\"query-input\":{\"@type\":\"PropertyValueSpecification\",\"valueRequired\":true,\"valueName\":\"search_term_string\"}}],\"inLanguage\":\"en-GB\"},{\"@type\":\"Organization\",\"@id\":\"https:\\\/\\\/spanovum.nl\\\/#organization\",\"name\":\"Spa Novum\",\"url\":\"https:\\\/\\\/spanovum.nl\\\/\",\"logo\":{\"@type\":\"ImageObject\",\"inLanguage\":\"en-GB\",\"@id\":\"https:\\\/\\\/spanovum.nl\\\/#\\\/schema\\\/logo\\\/image\\\/\",\"url\":\"https:\\\/\\\/spanovum.nl\\\/wp-content\\\/uploads\\\/2024\\\/02\\\/Eindhoven1-2.png\",\"contentUrl\":\"https:\\\/\\\/spanovum.nl\\\/wp-content\\\/uploads\\\/2024\\\/02\\\/Eindhoven1-2.png\",\"width\":1345,\"height\":821,\"caption\":\"Spa Novum\"},\"image\":{\"@id\":\"https:\\\/\\\/spanovum.nl\\\/#\\\/schema\\\/logo\\\/image\\\/\"}}]}<\/script>\n<!-- \/ Yoast SEO plugin. -->","yoast_head_json":{"title":"Algemene voorwaarden - Prive Spa Novum Privesauna Eindhoven\/helmond\/tilburg\/breda","robots":{"index":"index","follow":"follow","max-snippet":"max-snippet:-1","max-image-preview":"max-image-preview:large","max-video-preview":"max-video-preview:-1"},"canonical":"https:\/\/spanovum.nl\/en\/algemene-voorwaarden\/","og_locale":"en_GB","og_type":"article","og_title":"Algemene voorwaarden - Prive Spa Novum Privesauna Eindhoven\/helmond\/tilburg\/breda","og_description":"ALGEMENE VOORWAARDEN Spa Novum Bij het maken van uw boeking gaat u automatisch akkoord met de algemene voorwaarden. Om onze gasten een ontspannen en weldadig bezoek te garanderen, verzoeken wij &hellip;","og_url":"https:\/\/spanovum.nl\/en\/algemene-voorwaarden\/","og_site_name":"Prive Spa Novum Privesauna Eindhoven\/helmond\/tilburg\/breda","article_modified_time":"2025-09-02T11:35:57+00:00","twitter_card":"summary_large_image","twitter_misc":{"Estimated reading time":"2 minutes"},"schema":{"@context":"https:\/\/schema.org","@graph":[{"@type":"WebPage","@id":"https:\/\/spanovum.nl\/algemene-voorwaarden\/","url":"https:\/\/spanovum.nl\/algemene-voorwaarden\/","name":"Algemene voorwaarden - Prive Spa Novum Privesauna Eindhoven\/helmond\/tilburg\/breda","isPartOf":{"@id":"https:\/\/spanovum.nl\/#website"},"datePublished":"2024-02-20T15:39:25+00:00","dateModified":"2025-09-02T11:35:57+00:00","breadcrumb":{"@id":"https:\/\/spanovum.nl\/algemene-voorwaarden\/#breadcrumb"},"inLanguage":"en-GB","potentialAction":[{"@type":"ReadAction","target":["https:\/\/spanovum.nl\/algemene-voorwaarden\/"]}]},{"@type":"BreadcrumbList","@id":"https:\/\/spanovum.nl\/algemene-voorwaarden\/#breadcrumb","itemListElement":[{"@type":"ListItem","position":1,"name":"Spa Novum priv\u00e9 sauna priv\u00e9 spa","item":"https:\/\/spanovum.nl\/"},{"@type":"ListItem","position":2,"name":"Algemene voorwaarden"}]},{"@type":"WebSite","@id":"https:\/\/spanovum.nl\/#website","url":"https:\/\/spanovum.nl\/","name":"Spa Novum priv\u00e9 sauna priv\u00e9 spa","description":"Priv\u00e9 Spa\/ prive Sauna Eindhoven","publisher":{"@id":"https:\/\/spanovum.nl\/#organization"},"potentialAction":[{"@type":"SearchAction","target":{"@type":"EntryPoint","urlTemplate":"https:\/\/spanovum.nl\/?s={search_term_string}"},"query-input":{"@type":"PropertyValueSpecification","valueRequired":true,"valueName":"search_term_string"}}],"inLanguage":"en-GB"},{"@type":"Organization","@id":"https:\/\/spanovum.nl\/#organization","name":"Spa Novum","url":"https:\/\/spanovum.nl\/","logo":{"@type":"ImageObject","inLanguage":"en-GB","@id":"https:\/\/spanovum.nl\/#\/schema\/logo\/image\/","url":"https:\/\/spanovum.nl\/wp-content\/uploads\/2024\/02\/Eindhoven1-2.png","contentUrl":"https:\/\/spanovum.nl\/wp-content\/uploads\/2024\/02\/Eindhoven1-2.png","width":1345,"height":821,"caption":"Spa Novum"},"image":{"@id":"https:\/\/spanovum.nl\/#\/schema\/logo\/image\/"}}]}},"_links":{"self":[{"href":"https:\/\/spanovum.nl\/en\/wp-json\/wp\/v2\/pages\/128","targetHints":{"allow":["GET"]}}],"collection":[{"href":"https:\/\/spanovum.nl\/en\/wp-json\/wp\/v2\/pages"}],"about":[{"href":"https:\/\/spanovum.nl\/en\/wp-json\/wp\/v2\/types\/page"}],"author":[{"embeddable":true,"href":"https:\/\/spanovum.nl\/en\/wp-json\/wp\/v2\/users\/1"}],"replies":[{"embeddable":true,"href":"https:\/\/spanovum.nl\/en\/wp-json\/wp\/v2\/comments?post=128"}],"version-history":[{"count":41,"href":"https:\/\/spanovum.nl\/en\/wp-json\/wp\/v2\/pages\/128\/revisions"}],"predecessor-version":[{"id":2181,"href":"https:\/\/spanovum.nl\/en\/wp-json\/wp\/v2\/pages\/128\/revisions\/2181"}],"wp:attachment":[{"href":"https:\/\/spanovum.nl\/en\/wp-json\/wp\/v2\/media?parent=128"}],"curies":[{"name":"wp","href":"https:\/\/api.w.org\/{rel}","templated":true}]}}