{"id":1050,"date":"2024-04-16T12:44:32","date_gmt":"2024-04-16T10:44:32","guid":{"rendered":"https:\/\/spanovum.nl\/?page_id=1050"},"modified":"2025-02-04T14:16:56","modified_gmt":"2025-02-04T13:16:56","slug":"tilburg","status":"publish","type":"page","link":"https:\/\/spanovum.nl\/en\/tilburg\/","title":{"rendered":"Tilburg"},"content":{"rendered":"<div data-elementor-type=\"wp-page\" data-elementor-id=\"1050\" class=\"elementor elementor-1050\" data-elementor-post-type=\"page\">\n\t\t\t\t<div class=\"elementor-element elementor-element-7417b5dc e-flex e-con-boxed e-con e-parent\" data-id=\"7417b5dc\" data-element_type=\"container\" data-e-type=\"container\">\n\t\t\t\t\t<div class=\"e-con-inner\">\n\t\t\t\t<div class=\"elementor-element elementor-element-f15b133 elementor-widget elementor-widget-heading\" data-id=\"f15b133\" data-element_type=\"widget\" data-e-type=\"widget\" data-widget_type=\"heading.default\">\n\t\t\t\t<div class=\"elementor-widget-container\">\n\t\t\t\t\t<h2 class=\"elementor-heading-title elementor-size-default\">Priv\u00e9 sauna Tilburg<\/h2>\t\t\t\t<\/div>\n\t\t\t\t<\/div>\n\t\t\t\t<div class=\"elementor-element elementor-element-4de821f elementor-widget elementor-widget-bookly-widget-bookly-form\" data-id=\"4de821f\" data-element_type=\"widget\" data-e-type=\"widget\" data-widget_type=\"bookly-widget-bookly-form.default\">\n\t\t\t\t<div class=\"elementor-widget-container\">\n\t\t\t\t\t<!--\nPlugin Name: Bookly - Responsive WordPress Appointment Booking and Scheduling Plugin\nPlugin URI: https:\/\/www.booking-wp-plugin.com\/?utm_source=bookly_admin&utm_medium=plugins_page&utm_campaign=plugins_page\nVersion: 27.5-->\n<style type=\"text\/css\">\n    :root {\n        --bookly-main-color: #7c5833 !important;\n        --bookly-color: #7c5833 !important;\n    }\n\n    <\/style><div class=\"bookly-css-root\">\n    <div id=\"bookly-form-container-69ee579197602\" class=\"bookly-form\" data-form_id=\"\" aria-live=\"polite\">\n        <div style=\"text-align: center\"><img decoding=\"async\" src=\"https:\/\/spanovum.nl\/wp-includes\/js\/tinymce\/skins\/lightgray\/img\/loader.gif\" alt=\"Loading...\"\/><\/div>\n    <\/div>\n<\/div>\n<script type=\"text\/javascript\">\n    (function (win, fn) {\n        var done = false, top = true,\n            doc = win.document,\n            root = doc.documentElement,\n            modern = doc.addEventListener,\n            add = modern ? 'addEventListener' : 'attachEvent',\n            rem = modern ? 'removeEventListener' : 'detachEvent',\n            pre = modern ? '' : 'on',\n            init = function (e) {\n                if (e.type == 'readystatechange') if (doc.readyState != 'complete') return;\n                (e.type == 'load' ? win : doc)[rem](pre + e.type, init, false);\n                if (!done) {\n                    done = true;\n                    fn.call(win, e.type || e);\n                }\n            },\n            poll = function () {\n                try {\n                    root.doScroll('left');\n                } catch (e) {\n                    setTimeout(poll, 50);\n                    return;\n                }\n                init('poll');\n            };\n        if (doc.readyState == 'complete') fn.call(win, 'lazy');\n        else {\n            if (!modern) if (root.doScroll) {\n                try {\n                    top = !win.frameElement;\n                } catch (e) {\n                }\n                if (top) poll();\n            }\n            doc[add](pre + 'DOMContentLoaded', init, false);\n            doc[add](pre + 'readystatechange', init, false);\n            win[add](pre + 'load', init, false);\n        }\n    })(window, function () {\n        window.bookly( {\"form_id\":\"69ee579197602\",\"form_data\":{\"skip_service_step\":0,\"hide_service_part1\":0,\"hide_service_part2\":1,\"defaults\":{\"service_id\":0,\"staff_id\":0,\"location_id\":0,\"category_id\":0,\"units\":0,\"date_from\":0,\"time_from\":0,\"time_to\":0}},\"status\":{\"booking\":\"new\"},\"form_token\":null,\"skip_steps\":{\"service_part1\":0,\"service_part2\":1,\"extras\":0,\"time\":0,\"repeat\":1,\"cart\":1},\"errors\":{\"session_error\":\"Session error.\",\"form_id_error\":\"Form ID error.\",\"cart_item_not_available\":\"De geselecteerde tijd is niet meer beschikbaar. Kies alstublieft een ander tijdsblok.\",\"pay_locally_not_available\":\"Pay locally is not available.\",\"invalid_gateway\":\"Invalid gateway.\",\"payment_error\":\"Error.\",\"incorrect_username_password\":\"Incorrect username or password.\"},\"form_attributes\":{\"hide_categories\":true,\"hide_services\":false,\"hide_staff_members\":false,\"show_number_of_persons\":false,\"hide_service_duration\":false,\"hide_locations\":true,\"hide_quantity\":true,\"hide_date\":true,\"hide_week_days\":true,\"hide_time_range\":true},\"use_client_time_zone\":0,\"defaults\":{\"service_id\":0,\"staff_id\":0,\"location_id\":0,\"category_id\":0},\"datepicker_mode\":\"text-accent\",\"facebook\":{\"enabled\":0,\"appId\":\"1295230525267388\"},\"step_extras\":\"after_step_time\"} );\n    });\n<\/script>\t\t\t\t<\/div>\n\t\t\t\t<\/div>\n\t\t\t\t<div class=\"elementor-element elementor-element-898dbd0 elementor-widget elementor-widget-text-editor\" data-id=\"898dbd0\" data-element_type=\"widget\" data-e-type=\"widget\" data-widget_type=\"text-editor.default\">\n\t\t\t\t<div class=\"elementor-widget-container\">\n\t\t\t\t\t\t\t\t\t<p style=\"text-align: left;\">Ben je op zoek naar een priv\u00e9 sauna in Tilburg (omgeving)? Bij SPA Novum kun je volop genieten van een priv\u00e9 wellnesservaring. Verwen jezelf en je gezelschap en waan je in je eigen wellnessparadijs. Ontsnap even aan de dagelijkse drukte en geniet maximaal van al onze faciliteiten. Elk moment zal een onvergetelijke ervaring zijn.<\/p><p style=\"text-align: left;\">Laat ons je meenemen naar een priv\u00e9 oase, een toevluchtsoord van ultieme rust, en geniet samen van onze luxe arrangementen.<\/p>\t\t\t\t\t\t\t\t<\/div>\n\t\t\t\t<\/div>\n\t\t\t\t\t<\/div>\n\t\t\t\t<\/div>\n\t\t\t\t<\/div>","protected":false},"excerpt":{"rendered":"<p>Priv\u00e9 sauna Tilburg Ben je op zoek naar een priv\u00e9 sauna in Tilburg (omgeving)? Bij SPA Novum kun je volop genieten van een priv\u00e9 wellnesservaring. Verwen jezelf en je gezelschap &hellip; <\/p>","protected":false},"author":1,"featured_media":0,"parent":0,"menu_order":0,"comment_status":"closed","ping_status":"closed","template":"","meta":{"footnotes":""},"class_list":["post-1050","page","type-page","status-publish","hentry"],"yoast_head":"<!-- This site is optimized with the Yoast SEO plugin v27.4 - https:\/\/yoast.com\/product\/yoast-seo-wordpress\/ -->\n<title>Priv\u00e9 sauna Tilburg - www.spanovum.nl<\/title>\n<meta name=\"description\" content=\"Ben je op zoek naar een priv\u00e9 sauna in Tilburg (omgeving)? Bij SPA Novum kun je volop genieten van een priv\u00e9 wellnesservaring.\" \/>\n<meta name=\"robots\" content=\"index, follow, max-snippet:-1, max-image-preview:large, max-video-preview:-1\" \/>\n<link rel=\"canonical\" href=\"https:\/\/spanovum.nl\/en\/tilburg\/\" \/>\n<meta property=\"og:locale\" content=\"en_GB\" \/>\n<meta property=\"og:type\" content=\"article\" \/>\n<meta property=\"og:title\" content=\"Priv\u00e9 sauna Tilburg - www.spanovum.nl\" \/>\n<meta property=\"og:description\" content=\"Ben je op zoek naar een priv\u00e9 sauna in Tilburg (omgeving)? Bij SPA Novum kun je volop genieten van een priv\u00e9 wellnesservaring.\" \/>\n<meta property=\"og:url\" content=\"https:\/\/spanovum.nl\/en\/tilburg\/\" \/>\n<meta property=\"og:site_name\" content=\"Prive Spa Novum Privesauna Eindhoven\/helmond\/tilburg\/breda\" \/>\n<meta property=\"article:modified_time\" content=\"2025-02-04T13:16:56+00:00\" \/>\n<meta name=\"twitter:card\" content=\"summary_large_image\" \/>\n<meta name=\"twitter:label1\" content=\"Estimated reading time\" \/>\n\t<meta name=\"twitter:data1\" content=\"1 minute\" \/>\n<script type=\"application\/ld+json\" class=\"yoast-schema-graph\">{\"@context\":\"https:\\\/\\\/schema.org\",\"@graph\":[{\"@type\":\"WebPage\",\"@id\":\"https:\\\/\\\/spanovum.nl\\\/tilburg\\\/\",\"url\":\"https:\\\/\\\/spanovum.nl\\\/tilburg\\\/\",\"name\":\"Priv\u00e9 sauna Tilburg - www.spanovum.nl\",\"isPartOf\":{\"@id\":\"https:\\\/\\\/spanovum.nl\\\/#website\"},\"datePublished\":\"2024-04-16T10:44:32+00:00\",\"dateModified\":\"2025-02-04T13:16:56+00:00\",\"description\":\"Ben je op zoek naar een priv\u00e9 sauna in Tilburg (omgeving)? Bij SPA Novum kun je volop genieten van een priv\u00e9 wellnesservaring.\",\"breadcrumb\":{\"@id\":\"https:\\\/\\\/spanovum.nl\\\/tilburg\\\/#breadcrumb\"},\"inLanguage\":\"en-GB\",\"potentialAction\":[{\"@type\":\"ReadAction\",\"target\":[\"https:\\\/\\\/spanovum.nl\\\/tilburg\\\/\"]}]},{\"@type\":\"BreadcrumbList\",\"@id\":\"https:\\\/\\\/spanovum.nl\\\/tilburg\\\/#breadcrumb\",\"itemListElement\":[{\"@type\":\"ListItem\",\"position\":1,\"name\":\"Spa Novum priv\u00e9 sauna priv\u00e9 spa\",\"item\":\"https:\\\/\\\/spanovum.nl\\\/\"},{\"@type\":\"ListItem\",\"position\":2,\"name\":\"Tilburg\"}]},{\"@type\":\"WebSite\",\"@id\":\"https:\\\/\\\/spanovum.nl\\\/#website\",\"url\":\"https:\\\/\\\/spanovum.nl\\\/\",\"name\":\"Spa Novum priv\u00e9 sauna priv\u00e9 spa\",\"description\":\"Priv\u00e9 Spa\\\/ prive Sauna Eindhoven\",\"publisher\":{\"@id\":\"https:\\\/\\\/spanovum.nl\\\/#organization\"},\"potentialAction\":[{\"@type\":\"SearchAction\",\"target\":{\"@type\":\"EntryPoint\",\"urlTemplate\":\"https:\\\/\\\/spanovum.nl\\\/?s={search_term_string}\"},\"query-input\":{\"@type\":\"PropertyValueSpecification\",\"valueRequired\":true,\"valueName\":\"search_term_string\"}}],\"inLanguage\":\"en-GB\"},{\"@type\":\"Organization\",\"@id\":\"https:\\\/\\\/spanovum.nl\\\/#organization\",\"name\":\"Spa Novum\",\"url\":\"https:\\\/\\\/spanovum.nl\\\/\",\"logo\":{\"@type\":\"ImageObject\",\"inLanguage\":\"en-GB\",\"@id\":\"https:\\\/\\\/spanovum.nl\\\/#\\\/schema\\\/logo\\\/image\\\/\",\"url\":\"https:\\\/\\\/spanovum.nl\\\/wp-content\\\/uploads\\\/2024\\\/02\\\/Eindhoven1-2.png\",\"contentUrl\":\"https:\\\/\\\/spanovum.nl\\\/wp-content\\\/uploads\\\/2024\\\/02\\\/Eindhoven1-2.png\",\"width\":1345,\"height\":821,\"caption\":\"Spa Novum\"},\"image\":{\"@id\":\"https:\\\/\\\/spanovum.nl\\\/#\\\/schema\\\/logo\\\/image\\\/\"}}]}<\/script>\n<!-- \/ Yoast SEO plugin. -->","yoast_head_json":{"title":"Priv\u00e9 sauna Tilburg - www.spanovum.nl","description":"Ben je op zoek naar een priv\u00e9 sauna in Tilburg (omgeving)? Bij SPA Novum kun je volop genieten van een priv\u00e9 wellnesservaring.","robots":{"index":"index","follow":"follow","max-snippet":"max-snippet:-1","max-image-preview":"max-image-preview:large","max-video-preview":"max-video-preview:-1"},"canonical":"https:\/\/spanovum.nl\/en\/tilburg\/","og_locale":"en_GB","og_type":"article","og_title":"Priv\u00e9 sauna Tilburg - www.spanovum.nl","og_description":"Ben je op zoek naar een priv\u00e9 sauna in Tilburg (omgeving)? Bij SPA Novum kun je volop genieten van een priv\u00e9 wellnesservaring.","og_url":"https:\/\/spanovum.nl\/en\/tilburg\/","og_site_name":"Prive Spa Novum Privesauna Eindhoven\/helmond\/tilburg\/breda","article_modified_time":"2025-02-04T13:16:56+00:00","twitter_card":"summary_large_image","twitter_misc":{"Estimated reading time":"1 minute"},"schema":{"@context":"https:\/\/schema.org","@graph":[{"@type":"WebPage","@id":"https:\/\/spanovum.nl\/tilburg\/","url":"https:\/\/spanovum.nl\/tilburg\/","name":"Priv\u00e9 sauna Tilburg - www.spanovum.nl","isPartOf":{"@id":"https:\/\/spanovum.nl\/#website"},"datePublished":"2024-04-16T10:44:32+00:00","dateModified":"2025-02-04T13:16:56+00:00","description":"Ben je op zoek naar een priv\u00e9 sauna in Tilburg (omgeving)? Bij SPA Novum kun je volop genieten van een priv\u00e9 wellnesservaring.","breadcrumb":{"@id":"https:\/\/spanovum.nl\/tilburg\/#breadcrumb"},"inLanguage":"en-GB","potentialAction":[{"@type":"ReadAction","target":["https:\/\/spanovum.nl\/tilburg\/"]}]},{"@type":"BreadcrumbList","@id":"https:\/\/spanovum.nl\/tilburg\/#breadcrumb","itemListElement":[{"@type":"ListItem","position":1,"name":"Spa Novum priv\u00e9 sauna priv\u00e9 spa","item":"https:\/\/spanovum.nl\/"},{"@type":"ListItem","position":2,"name":"Tilburg"}]},{"@type":"WebSite","@id":"https:\/\/spanovum.nl\/#website","url":"https:\/\/spanovum.nl\/","name":"Spa Novum priv\u00e9 sauna priv\u00e9 spa","description":"Priv\u00e9 Spa\/ prive Sauna Eindhoven","publisher":{"@id":"https:\/\/spanovum.nl\/#organization"},"potentialAction":[{"@type":"SearchAction","target":{"@type":"EntryPoint","urlTemplate":"https:\/\/spanovum.nl\/?s={search_term_string}"},"query-input":{"@type":"PropertyValueSpecification","valueRequired":true,"valueName":"search_term_string"}}],"inLanguage":"en-GB"},{"@type":"Organization","@id":"https:\/\/spanovum.nl\/#organization","name":"Spa Novum","url":"https:\/\/spanovum.nl\/","logo":{"@type":"ImageObject","inLanguage":"en-GB","@id":"https:\/\/spanovum.nl\/#\/schema\/logo\/image\/","url":"https:\/\/spanovum.nl\/wp-content\/uploads\/2024\/02\/Eindhoven1-2.png","contentUrl":"https:\/\/spanovum.nl\/wp-content\/uploads\/2024\/02\/Eindhoven1-2.png","width":1345,"height":821,"caption":"Spa Novum"},"image":{"@id":"https:\/\/spanovum.nl\/#\/schema\/logo\/image\/"}}]}},"_links":{"self":[{"href":"https:\/\/spanovum.nl\/en\/wp-json\/wp\/v2\/pages\/1050","targetHints":{"allow":["GET"]}}],"collection":[{"href":"https:\/\/spanovum.nl\/en\/wp-json\/wp\/v2\/pages"}],"about":[{"href":"https:\/\/spanovum.nl\/en\/wp-json\/wp\/v2\/types\/page"}],"author":[{"embeddable":true,"href":"https:\/\/spanovum.nl\/en\/wp-json\/wp\/v2\/users\/1"}],"replies":[{"embeddable":true,"href":"https:\/\/spanovum.nl\/en\/wp-json\/wp\/v2\/comments?post=1050"}],"version-history":[{"count":4,"href":"https:\/\/spanovum.nl\/en\/wp-json\/wp\/v2\/pages\/1050\/revisions"}],"predecessor-version":[{"id":1054,"href":"https:\/\/spanovum.nl\/en\/wp-json\/wp\/v2\/pages\/1050\/revisions\/1054"}],"wp:attachment":[{"href":"https:\/\/spanovum.nl\/en\/wp-json\/wp\/v2\/media?parent=1050"}],"curies":[{"name":"wp","href":"https:\/\/api.w.org\/{rel}","templated":true}]}}